{"id":8,"date":"2017-03-01T23:12:13","date_gmt":"2017-03-01T22:12:13","guid":{"rendered":"http:\/\/www.cfchanteraines.fr\/sitewp\/?page_id=8"},"modified":"2021-01-31T21:36:18","modified_gmt":"2021-01-31T20:36:18","slug":"a-propos-de","status":"publish","type":"page","link":"https:\/\/www.cfchanteraines.fr\/sitewp\/a-propos-de\/","title":{"rendered":"Nous trouver"},"content":{"rendered":"<table border=\"0\" width=\"100%\">\n<tbody>\n<tr>\n<td style=\"width: 86%; vertical-align: middle;\" width=\"86%\">Le <b>Parc des Chanteraines<\/b> est situ\u00e9 dans la boucle Nord du d\u00e9partement des Hauts-de-Seine sur les communes de Villeneuve-la-Garenne et de Gennevilliers.<\/td>\n<td style=\"width: 14%; vertical-align: middle;\" width=\"14%\"><small><img decoding=\"async\" class=\"alignright lazyload\" data-src=\"\/images\/im099.gif\" width=\"100%\" height=\"83\" src=\"data:image\/svg+xml;base64,PHN2ZyB3aWR0aD0iMSIgaGVpZ2h0PSIxIiB4bWxucz0iaHR0cDovL3d3dy53My5vcmcvMjAwMC9zdmciPjwvc3ZnPg==\" \/><\/small><\/td>\n<\/tr>\n<\/tbody>\n<\/table>\n<table border=\"0\" width=\"100%\">\n<tbody>\n<tr>\n<td style=\"width: 25%; vertical-align: middle;\" width=\"30%\"><small><a href=\"\/images\/im100.jpg\" target=\"_self\" rel=\"noopener\" data-rel=\"lightbox-image-0\" data-rl_title=\"\" data-rl_caption=\"\" title=\"\"><img decoding=\"async\" data-src=\"\/images\/im100.jpg\" width=\"221\" height=\"212\" border=\"0\" src=\"data:image\/svg+xml;base64,PHN2ZyB3aWR0aD0iMSIgaGVpZ2h0PSIxIiB4bWxucz0iaHR0cDovL3d3dy53My5vcmcvMjAwMC9zdmciPjwvc3ZnPg==\" class=\"lazyload\" style=\"--smush-placeholder-width: 221px; --smush-placeholder-aspect-ratio: 221\/212;\" \/><\/a><\/small><\/td>\n<td style=\"margin-left: 1px; width: 75%; vertical-align: middle;\" width=\"70%\"><span style=\"font-size: 10pt;\"><strong><big>Moyens d&#8217;acc\u00e8s :<\/big><\/strong><\/span><br \/>\n<span style=\"font-size: 10pt;\"><strong><a href=\"https:\/\/www.google.fr\/maps\/place\/D%C3%A9p%C3%B4t+du+Chemin+de+Fer+des+Chanteraines\/@48.9383163,2.313813,17z\/data=!3m1!4b1!4m5!3m4!1s0x47e668cd38af8585:0xaf3cd03d159c700c!8m2!3d48.9383163!4d2.3160017\"><img decoding=\"async\" class=\"alignnone\" src=\"data:image\/jpeg;base64,\/9j\/4AAQSkZJRgABAQAAAQABAAD\/2wCEAAkGBwgHBgkIBwgKCgkLDRYPDQwMDRsUFRAWIB0iIiAdHx8kKDQsJCYxJx8fLT0tMTU3Ojo6Iys\/RD84QzQ5OjcBCgoKDQwNGg8PGjclHyU3Nzc3Nzc3Nzc3Nzc3Nzc3Nzc3Nzc3Nzc3Nzc3Nzc3Nzc3Nzc3Nzc3Nzc3Nzc3Nzc3N\/\/AABEIAFoAWgMBEQACEQEDEQH\/xAAbAAACAgMBAAAAAAAAAAAAAAAFBgMEAAEHAv\/EAEAQAAEDAwAGBQgIBAcAAAAAAAECAwQABREGEhMhMVEiQWFxgRQyQpGhscHRIyRSYnJzsuEHFUOiMzRTVIKS8P\/EABoBAAIDAQEAAAAAAAAAAAAAAAIEAAEDBQb\/xAAxEQACAQMDAQUGBgMAAAAAAAAAAQIDBBESITEFEyJBUWEycYGxwfAjQpGh0eEURFL\/2gAMAwEAAhEDEQA\/AOzyJrbDmopKicdVZSqqLwU2Qm6J6mie80PbryKyeDdD1NjxND2\/oTJXmXd5mOtxKG8pxgEHnQTuJJZRHIqNaVEf40UHtQv4Vmr7zRWouNaTQF+ftW\/xIz7q1V5TfJepF5i6wHyA3KaJPAFWCfA1tGvTlwy8omVKYTxdR66LtIeZMojNwjj0ye4GhdaBNSPTEpL+ShKtUekRuqu3i+C1ubfkbJAVq56SU4zzUB8airZeMF4Js1sUBbocSz3Ck6z74D5KyAtw4QlSj2DNZLL4ITCJJO8MnxIFH2c\/ImGQT7fMciOIQwSo4wNYcx20M6NRxwkRpgX+S3P\/AGiv+6fnS\/8AjVv+fl\/JWlkMq3zYje0ksbNGcZK07\/bQTo1ILMlj9CsMhhK+uMfmJ99BB95FeIySH2o7KnX3EttpGVKUdwpzJpTpzqSUILLYAc0ztbbuC1KdbHFTaAM+sis9azudmn0G4ksyaX36DVYtIbVeElEB7DjYypladVSRzx1jtGa2jKMuBW5sq1r7a28\/AmnvayUJT5u2a38+mmmIQxuxQK1uCVHYKHpRedOU4ACfnWbpKUtTKwUJN0KSW4gShA3BWOPdS87jG0CmyNm7PoV9IQ4nlgA0MbmSe+5WQwl1D0faNnKTT0JKSygwHfLjOtwS8w2y5HO4lSTlJ7d9L3NarS7ySwC20KM2c\/NeLshwrV1DqSOQrk1KsqjzJgcmoS\/rrH5iffQwfeQKKGmlwW\/c\/IwSGo4GRzURnPqI9tMyZ7HolsoUO1fMvkKMq5R2XS2rWJT5xTjCfn4UUaM5LKHqt9Roz0Te5ZizHYj7UyG4EutkLbX1fuCPZWSbi8rlDU6cK0HCe6Z2NiUibb4cpsYQ+WXAOwqSfjXVi8pM8HVpunOUHyngYq2MSCeoohvqHEIPuoKjxBspirrbq5QBrWFTJAlZ5JG1YJ3KGsnvH\/vZTVpPvaQosuSmUyozkdzzXElPd209OCnFxfiEzmhURuVuI3GvN8GIZ0ageVS2pDo+hQsYB9NWfdWlJd5MOEM7sB\/xGiLhaSuvKH0UtKXGz3AJUPAgHxFMVPaPadIqxqWqiuY7fVffoc+uVn8rkF5EpTSVKypGpnfu4HNbU7lwjjAF30mNxV7RSxnkIAhtpKGwSEgJSM7zS28n6s6mY0ob7JL5HW7FNji2W+E0vW2Owb1ueFJHwrqxWlJHhK1Ttakqnm2x4rYwPD7e1Zcb+2kpoZLVFoglEkKIVuIOCK4vGxma16mSEsR4olMkcSsD1nHxrWhLFWJa5DxcCAVLOEp3k8hXZzjcM51AjruUxWMpbKitauQz7681nW8gRjqY5RNRhbKEAIQhQAA6t9bQ3aSGcYWEa0utSNILYuNuQ8jpx1n0VdvYeB\/aug6CcMPkZsbp2tVT8PH3HEXVLaWtt1JQtCilSTxBG4g0i1g9opJrK4NRwqQ+lCc8actaX52ef6zef68Pj\/B0vR6P5OIiTx2zX6xTWdzgY2On1oZmudWQXL\/bXEuqlR0FSFb3EjiDz7q511QedcUC0Adp20hqBCtpguLSqW6gpbQOhn0jT1nSblrfASQN0iuxfJtNvOu86dV1Q4JHWPnyq765WHShz4lvfZHuDHbhR0st96lfaPOuetjeMdKwYqRrS2W0ncHE5780\/bUsLWyxgKsU4Dg4\/wDxPiCBf1SUDDcpraHH2xuV8D40lWh39vE9P0uvm2al+X5feSXRGzOOKQpSMqAp7aKweanN1ajm+WdEjwksbAqOVB5vGPxpoU9yNbDlW5gLd2u0m33ZaWiFNlCSW1cOHsrm17idKrtwC3hntvStnV+liuJP3VA\/KiXUI+MSagrC8nmsIl+TISV7xrJBV301T01IqenktAXT24PQ7RsY5Ulb+7WTxABTuHac0tf1pU4qMfEpsWLNBEFnWcA26x0vujlXJisG0IaQjr0WTQjZZQZTJSSk7RPb101C7kva3IMbqFtneN3OnYVoT4ZBO08sD19NsEdAJblDaKz5rZ3qP9oq5LLTG7et2cKkfNff1D1uhtQGA00nHM86JsWUcE61dNr85v8AWKi5LktmNNMigkaVqxeFflpriXz\/ABvgBLkDFdJZBHnRea3KtTbYUNowNRY5cj6q7ljVU6SS5WxouCe+xmpEBRcSCpshSFfZOa3rUY1o4YS2eRHuT4tzZW\/vz5mPSNc2n0+tOr2f7+AcqsYxyL6L7KSsqVqLST5pHDurtz6RbyjhZT8\/v+hVXE8hO3X6M5JYDuWVbRPHeOPOuXW6RXp7w7y\/f9DaNxB87HQgtKkgpIIO8EddciTcXh8jCK7rCFeb0TW9O9nDaW6CTKbqFN+cN3MU\/TuIVfZYawyEnK2fzmv1ito8okl3WNtNCQEulpgOyXJ9yeUltKQkgq1U7u3jSVe2pSk6lV7foU0gV\/NLEy4Gbfa\/KVk4SSjie9WT7KTd1aQ2hDP367lbeCD0WRqNpPkjLKyOkls5A8cDNWuo44gl9+43VIy5Sm129xJUErOMJJ47xw510La5jXTwt1yBKOli1KZZlsKZkIC21cQffTcZOLygWk9mIN6gOWyXslK1m1DWbXzHzFdGlUVSORScdLwUmHPrDX40++tUAO0a5yIS8sOdHO9Ct6T4Vjc2FC6X4i38\/EuFWUOA7A0giysNvEMOnqUeie4\/OvK3vRbi3zKHfj6c\/FfwP0rqE9nswoeRriahkrvMI1mlJ3EPN\/rFdC0vKnaRhLfLJKT0sY69EKCJpcZUy\/JhMlTmqhJQ2OCSeJ\/evP8AU5ydfTnZIHDbwglaLU1b29YkLkKHSc5dg7PfSK2GYU1EluNxZgNazh1lq8xsHefkKesbGreTxHZLl+X9+hVWrGmtxF0invSozz7qyFjV1dU41ekOHKva0LSlbUuzprb5+85kqkpyyyfRq+KnhUaSQZCBkL+2PnSdekod6PAzTnq2ZrTMJVakOHcpDox4g5qWrevBKy7ouWWzXW7Otrt0F15vWB2uNVHHf0jge2nZVYQ5YuoSfAzzrXc4uS\/BfSB1pTrD1jIrWFelLhgSpzXKBRWFcCDTCRkELdfpdvwkK2rI\/prPDuPV7q5d90a2vMya0y819Vw\/n6m9K5nT25Q0Qr5CuAbCHNm7tW8tOHB88cOfhXlKnSLqzuIOSzHK3X18vidCFzTqR2e44+FdwAidix3lazrKFKxjWKRn10MqcJ+0slptEC7a3\/ScdR\/y1h7c0pPp1CXCx7glUkLFx0RuDrq3m5rUhav9VJQe7dke6u3b3FKjBU4wwl5Ck6MpPORbvWjl6TDcaFuecUogJ2WFg7xyO7xxTTuaUo8mXZTT4J9FdAbuxLam3B1mIEg\/RZ2i94xvwdUes0lWrxlHSjeFNp5Y9s6O21ITt2BKUk6wL4CgDzCeHspVNrg2e4VAAGBwFQhuoQqTLZBm\/wCbiMvHmtAJHjxoozlD2XgFxT5QDmaD2h\/JY28ZX3HNYf3ZpmN7VjzuZO3gwU3oHJjXCK+zOacaafQ4oLbKVYSoHG4nJ3dlbTv1ODi48gK2akmmPdc4aN1CGVCGVCGjUIbqEMqEMqEMqEMqEMqEMqEMqEP\/2Q==\" alt=\"\" width=\"42\" height=\"42\" \/><\/a> Voiture <\/strong>: Autoroute A86 sortie <strong>Villeneuve-la-Garenne<\/strong><\/span><br \/>\n<span style=\"font-size: 10pt;\"> <small><a href=\"http:\/\/www.sncf.fr\/\" target=\"_blank\" rel=\"noopener\"><img decoding=\"async\" data-src=\"\/images\/sncf.png\" width=\"50\" height=\"50\" border=\"0\" src=\"data:image\/svg+xml;base64,PHN2ZyB3aWR0aD0iMSIgaGVpZ2h0PSIxIiB4bWxucz0iaHR0cDovL3d3dy53My5vcmcvMjAwMC9zdmciPjwvc3ZnPg==\" class=\"lazyload\" style=\"--smush-placeholder-width: 50px; --smush-placeholder-aspect-ratio: 50\/50;\" \/><\/a> <\/small><strong>Train<\/strong> :\u00a0 Gare de St Denis ou gare Gennevilliers (RER C)<\/span><br \/>\n<span style=\"font-size: 10pt;\"> <a href=\"http:\/\/www.ratp.fr\/\" target=\"_blank\" rel=\"noopener\"><img decoding=\"async\" data-src=\"\/images\/ratp.png\" border=\"0\" src=\"data:image\/svg+xml;base64,PHN2ZyB3aWR0aD0iMSIgaGVpZ2h0PSIxIiB4bWxucz0iaHR0cDovL3d3dy53My5vcmcvMjAwMC9zdmciPjwvc3ZnPg==\" class=\"lazyload\" \/><\/a> <strong>Bus<\/strong> :\u00a0 137 &#8211; 177 &#8211; 166 &#8211; 138 &#8211; 178 &#8211; 238 &#8211; 261 &#8211; River Plaza<\/span><\/p>\n<p><span style=\"font-size: 10pt;\"><a href=\"http:\/\/www.ratp.fr\/\" target=\"_blank\" rel=\"noopener\"><img decoding=\"async\" data-src=\"\/images\/ratp.png\" border=\"0\" src=\"data:image\/svg+xml;base64,PHN2ZyB3aWR0aD0iMSIgaGVpZ2h0PSIxIiB4bWxucz0iaHR0cDovL3d3dy53My5vcmcvMjAwMC9zdmciPjwvc3ZnPg==\" class=\"lazyload\" \/><\/a><strong>Tramway<\/strong> :\u00a0 T1<\/span><\/td>\n<\/tr>\n<\/tbody>\n<\/table>\n<table border=\"0\" width=\"100%\">\n<tbody>\n<tr>\n<td>Le d\u00e9p\u00f4t du Chemin de Fer des Chanteraines est situ\u00e9 dans une zone de service du Parc accessible \u00e0 pied par le Parc ou en voiture par la zone industrielle des Reniers. Son adresse est : 42 avenue du 8 Mai 1945 (ne pas envoyer de correspondance \u00e0 cette adresse).<\/p>\n<p>1\u00b0) En sortant de l&#8217;autoroute A86 :<br \/>\n\u2014 si vous venez de Saint-Denis ou de l&#8217;A1, prendre la sortie n\u00b06 &#8220;Villeneuve-la-Garenne \u2014 Gennevilliers&#8221; et, au feu rouge, tourner \u00e0 droite dans l&#8217;Avenue de Verdun ;<br \/>\n\u2014 si vous venez de La D\u00e9fense ou de l&#8217;A15, prendre la sortie n\u00b06 &#8220;Villeneuve-la-Garenne&#8221; et, au feu rouge, traverser la voie du tramway, tourner \u00e0 gauche sous l&#8217;A86 et continuer tout droit dans l&#8217;Avenue de Verdun ;<br \/>\n2\u00b0) Longer le tramway jusqu&#8217;\u00e0 l&#8217;intersection suivante ; tourner \u00e0 gauche (franchir les voies du tramway) et continuer jusqu&#8217;au 2<sup>\u00e8me<\/sup> feu rouge ;<br \/>\n3\u00b0) Tourner \u00e0 gauche entre le cimeti\u00e8re et le Parc municipal Leclerc dans l&#8217;avenue du 8 mai 1945 (pancartes indiquant les entreprises \u00e0 l&#8217;entr\u00e9e) et poursuivre jusqu&#8217;au rond-point ;<br \/>\n4\u00b0) Au rond-point, prendre la 1<sup>\u00e8re<\/sup> rue \u00e0 droite, passer devant le Centre \u00e9questre (Poney-club) ; le CFC est au bout de l&#8217;alignement, \u00e0 droite, juste avant le tournant.<\/td>\n<\/tr>\n<\/tbody>\n<\/table>\n","protected":false},"excerpt":{"rendered":"<p>Le Parc des Chanteraines est situ\u00e9 dans la boucle Nord du d\u00e9partement des Hauts-de-Seine sur les communes de Villeneuve-la-Garenne et de Gennevilliers. Moyens d&#8217;acc\u00e8s : Voiture : Autoroute A86 sortie Villeneuve-la-Garenne Train :\u00a0 Gare de St Denis ou gare Gennevilliers &hellip; <a href=\"https:\/\/www.cfchanteraines.fr\/sitewp\/a-propos-de\/\">Continuer la lecture <span class=\"meta-nav\">&rarr;<\/span><\/a><\/p>\n","protected":false},"author":1,"featured_media":0,"parent":0,"menu_order":0,"comment_status":"closed","ping_status":"closed","template":"","meta":{"_acf_changed":false,"_exactmetrics_skip_tracking":false,"_exactmetrics_sitenote_active":false,"_exactmetrics_sitenote_note":"","_exactmetrics_sitenote_category":0,"_mc_calendar":[],"footnotes":""},"class_list":["post-8","page","type-page","status-publish","hentry"],"acf":[],"_links":{"self":[{"href":"https:\/\/www.cfchanteraines.fr\/sitewp\/wp-json\/wp\/v2\/pages\/8","targetHints":{"allow":["GET"]}}],"collection":[{"href":"https:\/\/www.cfchanteraines.fr\/sitewp\/wp-json\/wp\/v2\/pages"}],"about":[{"href":"https:\/\/www.cfchanteraines.fr\/sitewp\/wp-json\/wp\/v2\/types\/page"}],"author":[{"embeddable":true,"href":"https:\/\/www.cfchanteraines.fr\/sitewp\/wp-json\/wp\/v2\/users\/1"}],"replies":[{"embeddable":true,"href":"https:\/\/www.cfchanteraines.fr\/sitewp\/wp-json\/wp\/v2\/comments?post=8"}],"version-history":[{"count":0,"href":"https:\/\/www.cfchanteraines.fr\/sitewp\/wp-json\/wp\/v2\/pages\/8\/revisions"}],"wp:attachment":[{"href":"https:\/\/www.cfchanteraines.fr\/sitewp\/wp-json\/wp\/v2\/media?parent=8"}],"curies":[{"name":"wp","href":"https:\/\/api.w.org\/{rel}","templated":true}]}}