{"id":49,"date":"2017-03-02T18:05:39","date_gmt":"2017-03-02T17:05:39","guid":{"rendered":"http:\/\/www.cfchanteraines.fr\/sitewp\/?page_id=49"},"modified":"2021-07-31T16:39:05","modified_gmt":"2021-07-31T14:39:05","slug":"essai","status":"publish","type":"page","link":"https:\/\/www.cfchanteraines.fr\/sitewp\/essai\/","title":{"rendered":"Pr\u00e9sentation"},"content":{"rendered":"<p>C\u2019est au d\u00e9but des ann\u00e9es 1970 que la cr\u00e9ation d\u2019un parc d\u00e9partemental fut d\u00e9cid\u00e9e par le Conseil G\u00e9n\u00e9ral des Hauts-de-Seine, et ce, gr\u00e2ce \u00e0 l\u2019initiative de Monsieur Pr\u00e9vot, Maire de Villeneuve-la-Garenne et Vice-pr\u00e9sident du Conseil G\u00e9n\u00e9ral de l\u2019\u00e9poque.<\/p>\n<p>Situ\u00e9 sur les communes de Villeneuve-la-Garenne et de Gennevilliers, le Parc des Chanteraines (le deuxi\u00e8me du d\u00e9partement en superficie) s\u2019\u00e9tend aujourd\u2019hui sur plus de 80 hectares. Pour desservir les diff\u00e9rentes parties du parc, une ligne de chemin de fer \u00e0 voie de 0,60 m a \u00e9t\u00e9 retenue et r\u00e9alis\u00e9e en 1981 du \u00abPont d\u2019Epinay\u00bb (aujourd\u2019hui \u00abLes Mariniers\u00bb)au \u00abPassage de Verdure\u00bb situ\u00e9 au dessus de l\u2019autoroute A 86, soit une distance de 3,100 km.<\/p>\n<div id=\"attachment_5623\" style=\"width: 650px\" class=\"wp-caption aligncenter\"><a href=\"https:\/\/www.cfchanteraines.fr\/sitewp\/wp-content\/uploads\/1627\/39\/presentation_p.jpg\" data-rel=\"lightbox-image-0\" data-rl_title=\"\" data-rl_caption=\"\" title=\"\"><img decoding=\"async\" aria-describedby=\"caption-attachment-5623\" data-src=\"https:\/\/www.cfchanteraines.fr\/sitewp\/wp-content\/uploads\/1627\/39\/presentation_p-640x371.jpg\" alt=\"\" width=\"640\" height=\"371\" class=\"size-large wp-image-5623 lazyload\" data-srcset=\"https:\/\/www.cfchanteraines.fr\/sitewp\/wp-content\/uploads\/1627\/39\/presentation_p-640x371.jpg 640w, https:\/\/www.cfchanteraines.fr\/sitewp\/wp-content\/uploads\/1627\/39\/presentation_p-300x174.jpg 300w, https:\/\/www.cfchanteraines.fr\/sitewp\/wp-content\/uploads\/1627\/39\/presentation_p-768x445.jpg 768w, https:\/\/www.cfchanteraines.fr\/sitewp\/wp-content\/uploads\/1627\/39\/presentation_p.jpg 803w\" data-sizes=\"(max-width: 640px) 100vw, 640px\" src=\"data:image\/svg+xml;base64,PHN2ZyB3aWR0aD0iMSIgaGVpZ2h0PSIxIiB4bWxucz0iaHR0cDovL3d3dy53My5vcmcvMjAwMC9zdmciPjwvc3ZnPg==\" style=\"--smush-placeholder-width: 640px; --smush-placeholder-aspect-ratio: 640\/371;\" \/><\/a><p id=\"caption-attachment-5623\" class=\"wp-caption-text\">Croisement de deux trains \u00e0 la station Pompidou<br \/>(de nos jours Les Fianc\u00e9s) le 10 juin 1984<\/p><\/div>\n<p>Lors de la cr\u00e9ation de la quatri\u00e8me tranche du parc (actuel secteur des Hautes-Bornes), ouverte en juillet 1991, la ligne fut prolong\u00e9e du \u00abPassage de Verdure\u00bb \u00e0 la \u00abGare de Gennevilliers\u00bb situ\u00e9e sur la ligne C du RER Ermont-Invalides. Cela repr\u00e9sente aujourd\u2019hui un total d\u2019environ 5,5 km dont 1 km de voies d\u2019\u00e9vitement et de garage. A l\u2019occasion de cette extension un deuxi\u00e8me d\u00e9p\u00f4t a \u00e9t\u00e9 cr\u00e9\u00e9 \u00e0 c\u00f4t\u00e9 du premier.<\/p>\n<p>Jusqu\u2019en 1983, le chemin de fer \u00e9tait g\u00e9r\u00e9 directement par le d\u00e9partement employant des salari\u00e9s. Tr\u00e8s vite, le Conseil g\u00e9n\u00e9ral s\u2019est rendu compte qu\u2019un tel r\u00e9seau ne pouvait fonctionner correctement que gr\u00e2ce \u00e0 une association de b\u00e9n\u00e9voles, comme cela se r\u00e9pandait un peu partout en France depuis plusieurs ann\u00e9es. Apr\u00e8s avoir contact\u00e9 en 1983 les responsables associatifs ferroviaires d\u2019\u00cele de France et les avoir r\u00e9unis \u00e0 plusieurs reprises \u00e0 Sceaux sous l\u2019\u00e9gide de la Direction des Espaces Verts, une Association fut cr\u00e9\u00e9e afin de prendre en charge le Chemin de Fer des Chanteraines dans le but de s\u2019occuper de\u00a0:<\/p>\n<ul>\n<li>l\u2019exploitation du r\u00e9seau<\/li>\n<li>sa gestion administrative et financi\u00e8re<\/li>\n<li>l\u2019entretien et la construction du mat\u00e9riel roulant.<\/li>\n<\/ul>\n<p>Cette association (type loi de 1901), d\u00e9pos\u00e9e \u00e0 Nanterre le 28 f\u00e9vrier 1984, a pris en charge le r\u00e9seau \u00e0 partir de la saison 1984. Une convention, renouvel\u00e9e fin 2012, fixe les relations et les obligations entre les parties.<\/p>\n","protected":false},"excerpt":{"rendered":"<p>C\u2019est au d\u00e9but des ann\u00e9es 1970 que la cr\u00e9ation d\u2019un parc d\u00e9partemental fut d\u00e9cid\u00e9e par le Conseil G\u00e9n\u00e9ral des Hauts-de-Seine, et ce, gr\u00e2ce \u00e0 l\u2019initiative de Monsieur Pr\u00e9vot, Maire de Villeneuve-la-Garenne et Vice-pr\u00e9sident du Conseil G\u00e9n\u00e9ral de l\u2019\u00e9poque. Situ\u00e9 sur &hellip; <a href=\"https:\/\/www.cfchanteraines.fr\/sitewp\/essai\/\">Continuer la lecture <span class=\"meta-nav\">&rarr;<\/span><\/a><\/p>\n","protected":false},"author":1,"featured_media":0,"parent":0,"menu_order":0,"comment_status":"closed","ping_status":"closed","template":"","meta":{"_acf_changed":false,"_exactmetrics_skip_tracking":false,"_exactmetrics_sitenote_active":false,"_exactmetrics_sitenote_note":"","_exactmetrics_sitenote_category":0,"_mc_calendar":[],"footnotes":""},"class_list":["post-49","page","type-page","status-publish","hentry"],"acf":[],"_links":{"self":[{"href":"https:\/\/www.cfchanteraines.fr\/sitewp\/wp-json\/wp\/v2\/pages\/49","targetHints":{"allow":["GET"]}}],"collection":[{"href":"https:\/\/www.cfchanteraines.fr\/sitewp\/wp-json\/wp\/v2\/pages"}],"about":[{"href":"https:\/\/www.cfchanteraines.fr\/sitewp\/wp-json\/wp\/v2\/types\/page"}],"author":[{"embeddable":true,"href":"https:\/\/www.cfchanteraines.fr\/sitewp\/wp-json\/wp\/v2\/users\/1"}],"replies":[{"embeddable":true,"href":"https:\/\/www.cfchanteraines.fr\/sitewp\/wp-json\/wp\/v2\/comments?post=49"}],"version-history":[{"count":0,"href":"https:\/\/www.cfchanteraines.fr\/sitewp\/wp-json\/wp\/v2\/pages\/49\/revisions"}],"wp:attachment":[{"href":"https:\/\/www.cfchanteraines.fr\/sitewp\/wp-json\/wp\/v2\/media?parent=49"}],"curies":[{"name":"wp","href":"https:\/\/api.w.org\/{rel}","templated":true}]}}