{"id":418,"date":"2017-03-17T23:15:35","date_gmt":"2017-03-17T22:15:35","guid":{"rendered":"http:\/\/www.cfchanteraines.fr\/sitewp\/?page_id=418"},"modified":"2017-03-17T23:15:35","modified_gmt":"2017-03-17T22:15:35","slug":"conditions-dutilisation-de-ce-site-web","status":"publish","type":"page","link":"https:\/\/www.cfchanteraines.fr\/sitewp\/conditions-dutilisation-de-ce-site-web\/","title":{"rendered":"Conditions d&#8217;utilisation de ce site web"},"content":{"rendered":"<div id=\"colonne_droite\">\n<p style=\"text-align: justify;\">Les utilisateurs du site du\u00a0<b>Chemin de fer des Chanteraines<\/b> s&#8217;engagent \u00e0 se conformer aux pr\u00e9sentes conditions d&#8217;utilisation.<\/p>\n<p style=\"text-align: justify;\">L&#8217;ensemble de ce site Internet rel\u00e8ve de la l\u00e9gislation fran\u00e7aise et internationale sur le droit d&#8217;auteur et de la propri\u00e9t\u00e9 intellectuelle et est prot\u00e9g\u00e9 par la loi du 1<sup>er<\/sup> juillet 1998 sur la protection juridique de tous ses \u00e9l\u00e9ments (texte, dessins, iconographie). Toute reproduction, distribution, repr\u00e9sentation, traduction, diffusion, modification, partielle ou totale, quel que soit le support consid\u00e9r\u00e9 (\u00e9lectronique ou autre) et quel que soit le proc\u00e9d\u00e9 utilis\u00e9, de tout ou partie de ce site, est interdite sans l&#8217;autorisation expresse de l&#8217;<b>Association du <\/b><b>Chemin de fer des\u00a0Chanteraines<\/b>.<\/p>\n<p style=\"text-align: justify;\">Aucune des photographies provenant du site du Chemin de fer des Chanteraines ne peut \u00eatre copi\u00e9e, reproduite, publi\u00e9e, t\u00e9l\u00e9charg\u00e9e, modifi\u00e9e, transmise ou distribu\u00e9e de quelque mani\u00e8re que ce soit sans l&#8217;autorisation expresse de l&#8217;<b>Association du<\/b> <b>Chemin de fer des Chanteraines<\/b>.<\/p>\n<p style=\"text-align: justify;\">Les photos dont l&#8217;autorisation de publication a \u00e9t\u00e9 consentie par le CFC doivent obligatoirement comporter au moins une mention :<\/p>\n<ul>\n<li>\u00a9 Chemin de fer des Chanteraines<\/li>\n<li>\u00a9\u00a0<a href=\"www.cfchanteraines.fr\" target=\"_BANK\">www.cfchanteraines.fr<\/a><\/li>\n<\/ul>\n<p style=\"text-align: justify;\">Les sites Internet ayant un lien hypertexte avec le site du Chemin de fer des Chanteraines ne sont pas sous le contr\u00f4le l&#8217;Association du Chemin de fer des Chanteraines, qui d\u00e9cline toute responsabilit\u00e9 quant \u00e0 leur contenu.<\/p>\n<table border=\"1\" width=\"100%\">\n<tbody>\n<tr>\n<td width=\"100%\">\n<h2>Extraits du code de la Propri\u00e9t\u00e9 Intellectuelle :<\/h2>\n<p><b>Art L.335-2<\/b><\/p>\n<p>Loi n\u00b094-102 du 5 f\u00e9vrier 1994 art.1 Journal officiel du 8 f\u00e9vrier 1994<\/p>\n<p>Loi n\u00b098-536 du 1 juillet 1998 art. 4 Journal officiel du 2 juillet 1998<\/p>\n<p><b>Art L 335-3<\/b><\/p>\n<p>Loi n\u00b094-361 du 10 mai 1994 art. 8 Journal officiel du 11 mai 1994<\/p>\n<p>Ordonnance 2000-916 du 19 septembre 2000 Jo du 1er Janvier 2002<\/td>\n<\/tr>\n<\/tbody>\n<\/table>\n<\/div>\n","protected":false},"excerpt":{"rendered":"<p>Les utilisateurs du site du\u00a0Chemin de fer des Chanteraines s&#8217;engagent \u00e0 se conformer aux pr\u00e9sentes conditions d&#8217;utilisation. L&#8217;ensemble de ce site Internet rel\u00e8ve de la l\u00e9gislation fran\u00e7aise et internationale sur le droit d&#8217;auteur et de la propri\u00e9t\u00e9 intellectuelle et est &hellip; <a href=\"https:\/\/www.cfchanteraines.fr\/sitewp\/conditions-dutilisation-de-ce-site-web\/\">Continuer la lecture <span class=\"meta-nav\">&rarr;<\/span><\/a><\/p>\n","protected":false},"author":1,"featured_media":0,"parent":0,"menu_order":0,"comment_status":"closed","ping_status":"closed","template":"","meta":{"_acf_changed":false,"_exactmetrics_skip_tracking":false,"_exactmetrics_sitenote_active":false,"_exactmetrics_sitenote_note":"","_exactmetrics_sitenote_category":0,"_mc_calendar":[],"footnotes":""},"class_list":["post-418","page","type-page","status-publish","hentry"],"acf":[],"_links":{"self":[{"href":"https:\/\/www.cfchanteraines.fr\/sitewp\/wp-json\/wp\/v2\/pages\/418","targetHints":{"allow":["GET"]}}],"collection":[{"href":"https:\/\/www.cfchanteraines.fr\/sitewp\/wp-json\/wp\/v2\/pages"}],"about":[{"href":"https:\/\/www.cfchanteraines.fr\/sitewp\/wp-json\/wp\/v2\/types\/page"}],"author":[{"embeddable":true,"href":"https:\/\/www.cfchanteraines.fr\/sitewp\/wp-json\/wp\/v2\/users\/1"}],"replies":[{"embeddable":true,"href":"https:\/\/www.cfchanteraines.fr\/sitewp\/wp-json\/wp\/v2\/comments?post=418"}],"version-history":[{"count":0,"href":"https:\/\/www.cfchanteraines.fr\/sitewp\/wp-json\/wp\/v2\/pages\/418\/revisions"}],"wp:attachment":[{"href":"https:\/\/www.cfchanteraines.fr\/sitewp\/wp-json\/wp\/v2\/media?parent=418"}],"curies":[{"name":"wp","href":"https:\/\/api.w.org\/{rel}","templated":true}]}}