{"id":389,"date":"2017-03-16T23:45:05","date_gmt":"2017-03-16T22:45:05","guid":{"rendered":"http:\/\/www.cfchanteraines.fr\/sitewp\/?page_id=389"},"modified":"2017-03-16T23:46:26","modified_gmt":"2017-03-16T22:46:26","slug":"materiel-de-service","status":"publish","type":"page","link":"https:\/\/www.cfchanteraines.fr\/sitewp\/le-materiel-roulant\/materiel-de-service\/","title":{"rendered":"Mat\u00e9riel de service"},"content":{"rendered":"<div id=\"colonne_droite\">\n<fieldset>\n<p align=\"JUSTIFY\"><span style=\"color: #004080; font-family: 'Bookman Old Style'; font-size: medium;\">un <b>wagon atelie<\/b>r (W-2)<\/span><\/p>\n<table border=\"0\" width=\"100%\" cellspacing=\"0\" cellpadding=\"0\">\n<tbody>\n<tr>\n<td width=\"50%\"><span style=\"color: #004080; font-family: 'Bookman Old Style'; font-size: small;\">poids \u00e0 vide <\/span><\/td>\n<td width=\"50%\"><span style=\"color: #004080; font-family: 'Bookman Old Style'; font-size: small;\">1,000 t<\/span><\/td>\n<\/tr>\n<tr>\n<td width=\"50%\"><span style=\"color: #004080; font-family: 'Bookman Old Style'; font-size: small;\">longueur hors tout<\/span><\/td>\n<td width=\"50%\"><span style=\"color: #004080; font-family: 'Bookman Old Style'; font-size: small;\">3,400 m <\/span><\/td>\n<\/tr>\n<tr>\n<td width=\"50%\"><span style=\"color: #004080; font-family: 'Bookman Old Style'; font-size: small;\">largeur de la caisse<\/span><\/td>\n<td width=\"50%\"><span style=\"color: #004080; font-family: 'Bookman Old Style'; font-size: small;\">1,800 m <\/span><\/td>\n<\/tr>\n<tr>\n<td width=\"50%\"><span style=\"color: #004080; font-family: 'Bookman Old Style'; font-size: small;\">largeur hors tout <\/span><\/td>\n<td width=\"50%\"><span style=\"color: #004080; font-family: 'Bookman Old Style'; font-size: small;\">2,100 m <\/span><\/td>\n<\/tr>\n<tr>\n<td width=\"50%\"><span style=\"color: #004080; font-family: 'Bookman Old Style'; font-size: small;\">hauteur<\/span><\/td>\n<td width=\"50%\"><span style=\"color: #004080; font-family: 'Bookman Old Style'; font-size: small;\">2,500 m <\/span><\/td>\n<\/tr>\n<tr>\n<td width=\"50%\"><span style=\"color: #004080; font-family: 'Bookman Old Style'; font-size: small;\">empattement des essieux<\/span><\/td>\n<td width=\"50%\"><span style=\"color: #004080; font-family: 'Bookman Old Style'; font-size: small;\">1,400 m<\/span><\/td>\n<\/tr>\n<\/tbody>\n<\/table>\n<\/fieldset>\n<fieldset>\n<p align=\"JUSTIFY\"><span style=\"color: #004080; font-family: 'Bookman Old Style'; font-size: medium;\">un <b>wagon plat<\/b> (W-1)<\/span><\/p>\n<table border=\"0\" width=\"100%\" cellspacing=\"0\" cellpadding=\"0\">\n<tbody>\n<tr>\n<td width=\"50%\"><span style=\"color: #004080; font-family: 'Bookman Old Style'; font-size: small;\">longueur hors tout<br \/>\n<\/span><\/td>\n<td width=\"50%\"><span style=\"color: #004080; font-family: 'Bookman Old Style'; font-size: small;\">2,500 m <\/span><\/td>\n<\/tr>\n<tr>\n<td width=\"50%\"><span style=\"color: #004080; font-family: 'Bookman Old Style'; font-size: small;\">largeur<\/span><\/td>\n<td width=\"50%\"><span style=\"color: #004080; font-family: 'Bookman Old Style'; font-size: small;\">1,700 m <\/span><\/td>\n<\/tr>\n<tr>\n<td width=\"50%\"><span style=\"color: #004080; font-family: 'Bookman Old Style'; font-size: small;\">surface<\/span><\/td>\n<td width=\"50%\"><span style=\"color: #004080; font-family: 'Bookman Old Style'; font-size: small;\">4,250 m<sup>2<\/sup><br \/>\n<\/span><\/td>\n<\/tr>\n<tr>\n<td width=\"50%\"><span style=\"color: #004080; font-family: 'Bookman Old Style'; font-size: small;\">empattement des essieux <\/span><\/td>\n<td width=\"50%\"><span style=\"color: #004080; font-family: 'Bookman Old Style'; font-size: small;\">1,400 m<\/span><\/td>\n<\/tr>\n<\/tbody>\n<\/table>\n<table border=\"0\" width=\"100%\">\n<tbody>\n<tr>\n<td width=\"50%\"><img decoding=\"async\" class=\"alignleft lazyload\" data-src=\"\/images\/w_02.jpg\" width=\"247\" height=\"165\" border=\"0\" src=\"data:image\/svg+xml;base64,PHN2ZyB3aWR0aD0iMSIgaGVpZ2h0PSIxIiB4bWxucz0iaHR0cDovL3d3dy53My5vcmcvMjAwMC9zdmciPjwvc3ZnPg==\" style=\"--smush-placeholder-width: 247px; --smush-placeholder-aspect-ratio: 247\/165;\" \/><\/td>\n<td width=\"50%\"><img decoding=\"async\" class=\"alignright lazyload\" data-src=\"\/images\/w01_1.jpg\" width=\"238\" height=\"165\" border=\"0\" src=\"data:image\/svg+xml;base64,PHN2ZyB3aWR0aD0iMSIgaGVpZ2h0PSIxIiB4bWxucz0iaHR0cDovL3d3dy53My5vcmcvMjAwMC9zdmciPjwvc3ZnPg==\" style=\"--smush-placeholder-width: 238px; --smush-placeholder-aspect-ratio: 238\/165;\" \/><\/td>\n<\/tr>\n<tr>\n<td width=\"50%\"><span style=\"color: #004080; font-family: 'Bookman Old Style'; font-size: small;\">Wagon atelier, W-2 \u00e9quip\u00e9 d\u2019un groupe \u00e9lectrog\u00e8ne, d\u2019un \u00e9tabli et d\u2019outils pour le travail en ligne.<\/span><\/td>\n<td style=\"text-align: right;\" width=\"50%\"><span style=\"color: #004080; font-family: 'Bookman Old Style'; font-size: small;\">Wagon plat W-1.<\/span><\/td>\n<\/tr>\n<\/tbody>\n<\/table>\n<p align=\"JUSTIFY\"><span style=\"color: #004080; font-family: 'Bookman Old Style'; font-size: medium;\">Ces deux wagons ont \u00e9t\u00e9 enti\u00e8rement con\u00e7us et r\u00e9alis\u00e9s par l&#8217;\u00e9quipe du C.F.C. et constituent le parc de travail et de secours sur la voie.<\/span><\/p>\n<\/fieldset>\n<fieldset>\n<p align=\"JUSTIFY\"><span style=\"color: #004080; font-family: 'Bookman Old Style'; font-size: medium;\">Trois <b>bennes basculantes DECAUVILLE<\/b> (W -3 \u00e0 5) 26D type 1925 ex-Etablissements LAMBERT \u00e0 Montebourg (Manche) utilis\u00e9es pour le ravitaillement en charbon en ligne.<\/span><\/p>\n<table border=\"0\" width=\"100%\" cellspacing=\"0\" cellpadding=\"0\">\n<tbody>\n<tr>\n<td width=\"50%\"><span style=\"color: #004080; font-family: 'Bookman Old Style'; font-size: small;\">poids \u00e0 vide<\/span><\/td>\n<td width=\"50%\"><span style=\"color: #004080; font-family: 'Bookman Old Style'; font-size: small;\">1,500 t <\/span><\/td>\n<\/tr>\n<tr>\n<td width=\"50%\"><span style=\"color: #004080; font-family: 'Bookman Old Style'; font-size: small;\">longueur<\/span><\/td>\n<td width=\"50%\"><span style=\"color: #004080; font-family: 'Bookman Old Style'; font-size: small;\">2,100 m <\/span><\/td>\n<\/tr>\n<tr>\n<td width=\"50%\"><span style=\"color: #004080; font-family: 'Bookman Old Style'; font-size: small;\">largeur<\/span><\/td>\n<td width=\"50%\"><span style=\"color: #004080; font-family: 'Bookman Old Style'; font-size: small;\">1,800 m <\/span><\/td>\n<\/tr>\n<tr>\n<td width=\"50%\"><span style=\"color: #004080; font-family: 'Bookman Old Style'; font-size: small;\">hauteur<\/span><\/td>\n<td width=\"50%\"><span style=\"color: #004080; font-family: 'Bookman Old Style'; font-size: small;\">1,600 m <\/span><\/td>\n<\/tr>\n<tr>\n<td width=\"50%\"><span style=\"color: #004080; font-family: 'Bookman Old Style'; font-size: small;\">empattement des essieux<\/span><\/td>\n<td width=\"50%\"><span style=\"color: #004080; font-family: 'Bookman Old Style'; font-size: small;\">0,800 m <\/span><\/td>\n<\/tr>\n<tr>\n<td width=\"50%\"><span style=\"color: #004080; font-family: 'Bookman Old Style'; font-size: small;\">capacit\u00e9<\/span><\/td>\n<td width=\"50%\"><span style=\"color: #004080; font-family: 'Bookman Old Style'; font-size: small;\">1,500 m<sup>3<\/sup><\/span><\/td>\n<\/tr>\n<\/tbody>\n<\/table>\n<\/fieldset>\n<fieldset><span style=\"color: #004080; font-family: 'Bookman Old Style'; font-size: medium;\">Trois <b>bennes basculantes DECAUVILLE <\/b> (L-12 \u00e0 14) 26D type &#8220;Lorraine&#8221; ex-Scierie Barillet (Loiret). Apr\u00e8s r\u00e9vision des ch\u00e2ssis et bo\u00eetes d&#8217;essieux, les bennes ont \u00e9t\u00e9 reconstruites par les \u00e9l\u00e8ves du lyc\u00e9e technique Charles Petiet.<\/span><\/p>\n<table border=\"0\" width=\"100%\">\n<tbody>\n<tr>\n<td width=\"50%\">\n<p align=\"left\"><img decoding=\"async\" class=\"alignleft lazyload\" data-src=\"\/images\/wf1_1.jpg\" width=\"245\" height=\"165\" border=\"0\" src=\"data:image\/svg+xml;base64,PHN2ZyB3aWR0aD0iMSIgaGVpZ2h0PSIxIiB4bWxucz0iaHR0cDovL3d3dy53My5vcmcvMjAwMC9zdmciPjwvc3ZnPg==\" style=\"--smush-placeholder-width: 245px; --smush-placeholder-aspect-ratio: 245\/165;\" \/><\/p>\n<\/td>\n<td valign=\"top\" width=\"50%\"><img decoding=\"async\" class=\"alignright lazyload\" data-src=\"\/images\/w-04_1.jpg\" width=\"245\" height=\"165\" border=\"0\" src=\"data:image\/svg+xml;base64,PHN2ZyB3aWR0aD0iMSIgaGVpZ2h0PSIxIiB4bWxucz0iaHR0cDovL3d3dy53My5vcmcvMjAwMC9zdmciPjwvc3ZnPg==\" style=\"--smush-placeholder-width: 245px; --smush-placeholder-aspect-ratio: 245\/165;\" \/><\/td>\n<\/tr>\n<tr>\n<td width=\"50%\"><span style=\"color: #004080; font-family: 'Bookman Old Style'; font-size: small;\">Bennes basculantes Decauville de 1925<\/span><\/td>\n<td width=\"50%\"><span style=\"color: #004080; font-family: 'Bookman Old Style'; font-size: small;\">Bennes basculantes Decauville type Lorraine<\/span><\/td>\n<\/tr>\n<\/tbody>\n<\/table>\n<\/fieldset>\n<fieldset>\n<p align=\"JUSTIFY\"><span style=\"color: #004080; font-family: 'Bookman Old Style'; font-size: medium;\">Deux trucks forestiers Decauville (L-5, L-6) \u00e0 fourche pivotante (ex-scierie de Compi\u00e8gne) <\/span><span style=\"color: #004080; font-family: 'Bookman Old Style'; font-size: medium;\"><br \/>\n<a title=\"\" href=\"\/images\/im068.gif\" data-lightbox=\"image-1\" data-rel=\"lightbox-image-0\" data-rl_title=\"\" data-rl_caption=\"\"><br \/>\n<b><img decoding=\"async\" class=\"aligncenter lazyload\" data-src=\"\/images\/im068.gif\" width=\"260\" height=\"113\" src=\"data:image\/svg+xml;base64,PHN2ZyB3aWR0aD0iMSIgaGVpZ2h0PSIxIiB4bWxucz0iaHR0cDovL3d3dy53My5vcmcvMjAwMC9zdmciPjwvc3ZnPg==\" style=\"--smush-placeholder-width: 260px; --smush-placeholder-aspect-ratio: 260\/113;\" \/><\/b><\/a><\/span><\/p>\n<\/fieldset>\n<fieldset>\n<p align=\"JUSTIFY\"><span style=\"color: #004080; font-family: 'Bookman Old Style'; font-size: medium;\">Un <b>wagon tombereau Decauville<\/b> (W-6) ex. n\u00b022263 des Kaolins de Beauvoir dans l&#8217;Allier.<\/span><\/p>\n<table border=\"0\" width=\"100%\" cellspacing=\"0\" cellpadding=\"0\">\n<tbody>\n<tr>\n<td width=\"50%\"><span style=\"color: #004080; font-family: 'Bookman Old Style'; font-size: small;\">poids \u00e0 vide <\/span><\/td>\n<td width=\"50%\"><span style=\"color: #004080; font-family: 'Bookman Old Style'; font-size: small;\">1,000 t <\/span><\/td>\n<\/tr>\n<tr>\n<td width=\"50%\"><span style=\"color: #004080; font-family: 'Bookman Old Style'; font-size: small;\">longueur<\/span><\/td>\n<td width=\"50%\"><span style=\"color: #004080; font-family: 'Bookman Old Style'; font-size: small;\">2,000 m <\/span><\/td>\n<\/tr>\n<tr>\n<td width=\"50%\"><span style=\"color: #004080; font-family: 'Bookman Old Style'; font-size: small;\">largeur<\/span><\/td>\n<td width=\"50%\"><span style=\"color: #004080; font-family: 'Bookman Old Style'; font-size: small;\">1,600 m <\/span><\/td>\n<\/tr>\n<tr>\n<td width=\"50%\"><span style=\"color: #004080; font-family: 'Bookman Old Style'; font-size: small;\">hauteur<\/span><\/td>\n<td width=\"50%\"><span style=\"color: #004080; font-family: 'Bookman Old Style'; font-size: small;\">1,400 m <\/span><\/td>\n<\/tr>\n<tr>\n<td width=\"50%\"><span style=\"color: #004080; font-family: 'Bookman Old Style'; font-size: small;\">empattement des essieux <\/span><\/td>\n<td width=\"50%\"><span style=\"color: #004080; font-family: 'Bookman Old Style'; font-size: small;\">0,900 m <\/span><\/td>\n<\/tr>\n<tr>\n<td width=\"50%\"><span style=\"color: #004080; font-family: 'Bookman Old Style'; font-size: small;\">capacit\u00e9<br \/>\n<\/span><\/td>\n<td width=\"50%\"><span style=\"color: #004080; font-family: 'Bookman Old Style'; font-size: small;\">4,500 m<sup>3<\/sup><\/span><\/td>\n<\/tr>\n<\/tbody>\n<\/table>\n<table border=\"0\" width=\"100%\">\n<tbody>\n<tr>\n<td width=\"50%\">\n<p align=\"left\"><img decoding=\"async\" class=\"alignleft lazyload\" data-src=\"\/images\/n1_19.jpg\" width=\"250\" height=\"165\" border=\"0\" src=\"data:image\/svg+xml;base64,PHN2ZyB3aWR0aD0iMSIgaGVpZ2h0PSIxIiB4bWxucz0iaHR0cDovL3d3dy53My5vcmcvMjAwMC9zdmciPjwvc3ZnPg==\" style=\"--smush-placeholder-width: 250px; --smush-placeholder-aspect-ratio: 250\/165;\" \/><\/p>\n<\/td>\n<td valign=\"top\" width=\"50%\"><img decoding=\"async\" class=\"alignright lazyload\" data-src=\"\/images\/n1_2.jpg\" width=\"238\" height=\"166\" border=\"0\" src=\"data:image\/svg+xml;base64,PHN2ZyB3aWR0aD0iMSIgaGVpZ2h0PSIxIiB4bWxucz0iaHR0cDovL3d3dy53My5vcmcvMjAwMC9zdmciPjwvc3ZnPg==\" style=\"--smush-placeholder-width: 238px; --smush-placeholder-aspect-ratio: 238\/166;\" \/><\/td>\n<\/tr>\n<tr>\n<td width=\"50%\"><span style=\"color: #004080; font-family: 'Bookman Old Style'; font-size: small;\">Wagon tombereau Decauville construit pour le transport du Kaolin de Beauvoir (r\u00e9seau d\u2019Echassi\u00e8res dans l\u2019Allier). Abandonn\u00e9 au bord de la route avec un autre ch\u00e2ssis, pr\u00e8s du terminus de la ligne.<\/span><\/td>\n<td style=\"text-align: right;\" valign=\"top\" width=\"50%\"><span style=\"color: #004080; font-family: 'Bookman Old Style'; font-size: small;\">Le m\u00eame restaur\u00e9 et \u00e9quip\u00e9 d\u2019une passerelle d\u2019\u00e9lagage.<\/span><\/td>\n<\/tr>\n<\/tbody>\n<\/table>\n<\/fieldset>\n<fieldset>\n<p align=\"JUSTIFY\"><span style=\"color: #004080; font-family: 'Bookman Old Style'; font-size: medium;\">Et divers wagonnets r\u00e9cup\u00e9r\u00e9s dans des usines, scieries, carri\u00e8res, etc.<\/span><\/p>\n<table border=\"0\" width=\"100%\">\n<tbody>\n<tr>\n<td style=\"width: 33%;\"><img decoding=\"async\" data-src=\"\/images\/w781.jpg\" width=\"145\" height=\"100\" border=\"0\" src=\"data:image\/svg+xml;base64,PHN2ZyB3aWR0aD0iMSIgaGVpZ2h0PSIxIiB4bWxucz0iaHR0cDovL3d3dy53My5vcmcvMjAwMC9zdmciPjwvc3ZnPg==\" class=\"lazyload\" style=\"--smush-placeholder-width: 145px; --smush-placeholder-aspect-ratio: 145\/100;\" \/><\/td>\n<td style=\"width: 33%;\"><img decoding=\"async\" data-src=\"\/images\/image1012.jpg\" width=\"150\" height=\"100\" border=\"0\" src=\"data:image\/svg+xml;base64,PHN2ZyB3aWR0aD0iMSIgaGVpZ2h0PSIxIiB4bWxucz0iaHR0cDovL3d3dy53My5vcmcvMjAwMC9zdmciPjwvc3ZnPg==\" class=\"lazyload\" style=\"--smush-placeholder-width: 150px; --smush-placeholder-aspect-ratio: 150\/100;\" \/><\/td>\n<td style=\"width: 34%;\"><img decoding=\"async\" data-src=\"\/images\/w782.jpg\" width=\"145\" height=\"100\" border=\"0\" src=\"data:image\/svg+xml;base64,PHN2ZyB3aWR0aD0iMSIgaGVpZ2h0PSIxIiB4bWxucz0iaHR0cDovL3d3dy53My5vcmcvMjAwMC9zdmciPjwvc3ZnPg==\" class=\"lazyload\" style=\"--smush-placeholder-width: 145px; --smush-placeholder-aspect-ratio: 145\/100;\" \/><\/td>\n<\/tr>\n<tr>\n<td style=\"width: 33%;\"><img decoding=\"async\" data-src=\"\/images\/w783.jpg\" width=\"150\" height=\"100\" border=\"0\" src=\"data:image\/svg+xml;base64,PHN2ZyB3aWR0aD0iMSIgaGVpZ2h0PSIxIiB4bWxucz0iaHR0cDovL3d3dy53My5vcmcvMjAwMC9zdmciPjwvc3ZnPg==\" class=\"lazyload\" style=\"--smush-placeholder-width: 150px; --smush-placeholder-aspect-ratio: 150\/100;\" \/><\/td>\n<td style=\"width: 33%;\"><img decoding=\"async\" data-src=\"\/images\/im460.jpg\" width=\"151\" height=\"100\" border=\"0\" src=\"data:image\/svg+xml;base64,PHN2ZyB3aWR0aD0iMSIgaGVpZ2h0PSIxIiB4bWxucz0iaHR0cDovL3d3dy53My5vcmcvMjAwMC9zdmciPjwvc3ZnPg==\" class=\"lazyload\" style=\"--smush-placeholder-width: 151px; --smush-placeholder-aspect-ratio: 151\/100;\" \/><\/td>\n<td style=\"width: 34%;\"><img decoding=\"async\" data-src=\"\/images\/w786.jpg\" width=\"148\" height=\"100\" border=\"0\" src=\"data:image\/svg+xml;base64,PHN2ZyB3aWR0aD0iMSIgaGVpZ2h0PSIxIiB4bWxucz0iaHR0cDovL3d3dy53My5vcmcvMjAwMC9zdmciPjwvc3ZnPg==\" class=\"lazyload\" style=\"--smush-placeholder-width: 148px; --smush-placeholder-aspect-ratio: 148\/100;\" \/><\/td>\n<\/tr>\n<\/tbody>\n<\/table>\n<\/fieldset>\n<\/div>\n","protected":false},"excerpt":{"rendered":"<p>un wagon atelier (W-2) poids \u00e0 vide 1,000 t longueur hors tout 3,400 m largeur de la caisse 1,800 m largeur hors tout 2,100 m hauteur 2,500 m empattement des essieux 1,400 m un wagon plat (W-1) longueur hors tout &hellip; <a href=\"https:\/\/www.cfchanteraines.fr\/sitewp\/le-materiel-roulant\/materiel-de-service\/\">Continuer la lecture <span class=\"meta-nav\">&rarr;<\/span><\/a><\/p>\n","protected":false},"author":1,"featured_media":0,"parent":59,"menu_order":0,"comment_status":"closed","ping_status":"closed","template":"","meta":{"_acf_changed":false,"_exactmetrics_skip_tracking":false,"_exactmetrics_sitenote_active":false,"_exactmetrics_sitenote_note":"","_exactmetrics_sitenote_category":0,"_mc_calendar":[],"footnotes":""},"class_list":["post-389","page","type-page","status-publish","hentry"],"acf":[],"_links":{"self":[{"href":"https:\/\/www.cfchanteraines.fr\/sitewp\/wp-json\/wp\/v2\/pages\/389","targetHints":{"allow":["GET"]}}],"collection":[{"href":"https:\/\/www.cfchanteraines.fr\/sitewp\/wp-json\/wp\/v2\/pages"}],"about":[{"href":"https:\/\/www.cfchanteraines.fr\/sitewp\/wp-json\/wp\/v2\/types\/page"}],"author":[{"embeddable":true,"href":"https:\/\/www.cfchanteraines.fr\/sitewp\/wp-json\/wp\/v2\/users\/1"}],"replies":[{"embeddable":true,"href":"https:\/\/www.cfchanteraines.fr\/sitewp\/wp-json\/wp\/v2\/comments?post=389"}],"version-history":[{"count":0,"href":"https:\/\/www.cfchanteraines.fr\/sitewp\/wp-json\/wp\/v2\/pages\/389\/revisions"}],"up":[{"embeddable":true,"href":"https:\/\/www.cfchanteraines.fr\/sitewp\/wp-json\/wp\/v2\/pages\/59"}],"wp:attachment":[{"href":"https:\/\/www.cfchanteraines.fr\/sitewp\/wp-json\/wp\/v2\/media?parent=389"}],"curies":[{"name":"wp","href":"https:\/\/api.w.org\/{rel}","templated":true}]}}